{"id":27,"date":"2023-04-11T03:17:06","date_gmt":"2023-04-11T01:17:06","guid":{"rendered":"https:\/\/conseilscarriere.com\/?page_id=27"},"modified":"2023-04-11T03:53:22","modified_gmt":"2023-04-11T01:53:22","slug":"shorts-carriere","status":"publish","type":"page","link":"https:\/\/conseilscarriere.com\/","title":{"rendered":"Conseils carri\u00e8re."},"content":{"rendered":"\n<p class=\"has-text-color has-larger-font-size\" style=\"color:#636363\">Cherchez. Trouvez. Agissez.<\/p>\n\n\n<form role=\"search\" method=\"get\" action=\"https:\/\/conseilscarriere.com\/\" class=\"wp-block-search__button-inside wp-block-search__icon-button wp-block-search\"    ><label class=\"wp-block-search__label screen-reader-text\" for=\"wp-block-search__input-2\" >Rechercher<\/label><div class=\"wp-block-search__inside-wrapper\"  style=\"width: 100%\"><input class=\"wp-block-search__input has-normal-font-size\" id=\"wp-block-search__input-2\" placeholder=\"Que cherchez-vous ?\" value=\"\" type=\"search\" name=\"s\" required \/><button aria-label=\"Rechercher\" class=\"wp-block-search__button has-background has-accent-background-color has-normal-font-size has-icon wp-element-button\" type=\"submit\" ><svg class=\"search-icon\" viewBox=\"0 0 24 24\" width=\"24\" height=\"24\">\n\t\t\t\t\t<path d=\"M13 5c-3.3 0-6 2.7-6 6 0 1.4.5 2.7 1.3 3.7l-3.8 3.8 1.1 1.1 3.8-3.8c1 .8 2.3 1.3 3.7 1.3 3.3 0 6-2.7 6-6S16.3 5 13 5zm0 10.5c-2.5 0-4.5-2-4.5-4.5s2-4.5 4.5-4.5 4.5 2 4.5 4.5-2 4.5-4.5 4.5z\"><\/path>\n\t\t\t\t<\/svg><\/button><\/div><\/form>","protected":false},"excerpt":{"rendered":"<p>Cherchez. Trouvez. Agissez.<\/p>\n","protected":false},"author":1,"featured_media":0,"parent":0,"menu_order":0,"comment_status":"closed","ping_status":"closed","template":"","meta":{"om_disable_all_campaigns":false,"_monsterinsights_skip_tracking":false,"_monsterinsights_sitenote_active":false,"_monsterinsights_sitenote_note":"","_monsterinsights_sitenote_category":0,"footnotes":""},"class_list":["post-27","page","type-page","status-publish","hentry"],"aioseo_notices":[],"yoast_head":"<!-- This site is optimized with the Yoast SEO plugin v27.3 - https:\/\/yoast.com\/product\/yoast-seo-wordpress\/ -->\n<title>Conseils carri\u00e8re. - Conseils carri\u00e8re.<\/title>\n<meta name=\"robots\" content=\"index, follow, max-snippet:-1, max-image-preview:large, max-video-preview:-1\" \/>\n<link rel=\"canonical\" href=\"https:\/\/conseilscarriere.com\/\" \/>\n<meta property=\"og:locale\" content=\"fr_FR\" \/>\n<meta property=\"og:type\" content=\"article\" \/>\n<meta property=\"og:title\" content=\"Conseils carri\u00e8re. - Conseils carri\u00e8re.\" \/>\n<meta property=\"og:description\" content=\"Cherchez. Trouvez. Agissez.\" \/>\n<meta property=\"og:url\" content=\"https:\/\/conseilscarriere.com\/\" \/>\n<meta property=\"og:site_name\" content=\"Conseils carri\u00e8re.\" \/>\n<meta property=\"article:modified_time\" content=\"2023-04-11T01:53:22+00:00\" \/>\n<meta name=\"twitter:card\" content=\"summary_large_image\" \/>\n<meta name=\"twitter:label1\" content=\"Dur\u00e9e de lecture estim\u00e9e\" \/>\n\t<meta name=\"twitter:data1\" content=\"1 minute\" \/>\n<script type=\"application\/ld+json\" class=\"yoast-schema-graph\">{\"@context\":\"https:\\\/\\\/schema.org\",\"@graph\":[{\"@type\":\"WebPage\",\"@id\":\"https:\\\/\\\/conseilscarriere.com\\\/\",\"url\":\"https:\\\/\\\/conseilscarriere.com\\\/\",\"name\":\"Conseils carri\u00e8re. - Conseils carri\u00e8re.\",\"isPartOf\":{\"@id\":\"https:\\\/\\\/conseilscarriere.com\\\/#website\"},\"datePublished\":\"2023-04-11T01:17:06+00:00\",\"dateModified\":\"2023-04-11T01:53:22+00:00\",\"breadcrumb\":{\"@id\":\"https:\\\/\\\/conseilscarriere.com\\\/#breadcrumb\"},\"inLanguage\":\"fr-FR\",\"potentialAction\":[{\"@type\":\"ReadAction\",\"target\":[\"https:\\\/\\\/conseilscarriere.com\\\/\"]}]},{\"@type\":\"BreadcrumbList\",\"@id\":\"https:\\\/\\\/conseilscarriere.com\\\/#breadcrumb\",\"itemListElement\":[{\"@type\":\"ListItem\",\"position\":1,\"name\":\"Accueil\",\"item\":\"https:\\\/\\\/conseilscarriere.com\\\/\"},{\"@type\":\"ListItem\",\"position\":2,\"name\":\"Conseils carri\u00e8re.\"}]},{\"@type\":\"WebSite\",\"@id\":\"https:\\\/\\\/conseilscarriere.com\\\/#website\",\"url\":\"https:\\\/\\\/conseilscarriere.com\\\/\",\"name\":\"Conseils carri\u00e8re.\",\"description\":\"Courts. Efficaces.\",\"potentialAction\":[{\"@type\":\"SearchAction\",\"target\":{\"@type\":\"EntryPoint\",\"urlTemplate\":\"https:\\\/\\\/conseilscarriere.com\\\/?s={search_term_string}\"},\"query-input\":{\"@type\":\"PropertyValueSpecification\",\"valueRequired\":true,\"valueName\":\"search_term_string\"}}],\"inLanguage\":\"fr-FR\"}]}<\/script>\n<!-- \/ Yoast SEO plugin. -->","yoast_head_json":{"title":"Conseils carri\u00e8re. - Conseils carri\u00e8re.","robots":{"index":"index","follow":"follow","max-snippet":"max-snippet:-1","max-image-preview":"max-image-preview:large","max-video-preview":"max-video-preview:-1"},"canonical":"https:\/\/conseilscarriere.com\/","og_locale":"fr_FR","og_type":"article","og_title":"Conseils carri\u00e8re. - Conseils carri\u00e8re.","og_description":"Cherchez. Trouvez. Agissez.","og_url":"https:\/\/conseilscarriere.com\/","og_site_name":"Conseils carri\u00e8re.","article_modified_time":"2023-04-11T01:53:22+00:00","twitter_card":"summary_large_image","twitter_misc":{"Dur\u00e9e de lecture estim\u00e9e":"1 minute"},"schema":{"@context":"https:\/\/schema.org","@graph":[{"@type":"WebPage","@id":"https:\/\/conseilscarriere.com\/","url":"https:\/\/conseilscarriere.com\/","name":"Conseils carri\u00e8re. - Conseils carri\u00e8re.","isPartOf":{"@id":"https:\/\/conseilscarriere.com\/#website"},"datePublished":"2023-04-11T01:17:06+00:00","dateModified":"2023-04-11T01:53:22+00:00","breadcrumb":{"@id":"https:\/\/conseilscarriere.com\/#breadcrumb"},"inLanguage":"fr-FR","potentialAction":[{"@type":"ReadAction","target":["https:\/\/conseilscarriere.com\/"]}]},{"@type":"BreadcrumbList","@id":"https:\/\/conseilscarriere.com\/#breadcrumb","itemListElement":[{"@type":"ListItem","position":1,"name":"Accueil","item":"https:\/\/conseilscarriere.com\/"},{"@type":"ListItem","position":2,"name":"Conseils carri\u00e8re."}]},{"@type":"WebSite","@id":"https:\/\/conseilscarriere.com\/#website","url":"https:\/\/conseilscarriere.com\/","name":"Conseils carri\u00e8re.","description":"Courts. Efficaces.","potentialAction":[{"@type":"SearchAction","target":{"@type":"EntryPoint","urlTemplate":"https:\/\/conseilscarriere.com\/?s={search_term_string}"},"query-input":{"@type":"PropertyValueSpecification","valueRequired":true,"valueName":"search_term_string"}}],"inLanguage":"fr-FR"}]}},"_links":{"self":[{"href":"https:\/\/conseilscarriere.com\/index.php\/wp-json\/wp\/v2\/pages\/27","targetHints":{"allow":["GET"]}}],"collection":[{"href":"https:\/\/conseilscarriere.com\/index.php\/wp-json\/wp\/v2\/pages"}],"about":[{"href":"https:\/\/conseilscarriere.com\/index.php\/wp-json\/wp\/v2\/types\/page"}],"author":[{"embeddable":true,"href":"https:\/\/conseilscarriere.com\/index.php\/wp-json\/wp\/v2\/users\/1"}],"replies":[{"embeddable":true,"href":"https:\/\/conseilscarriere.com\/index.php\/wp-json\/wp\/v2\/comments?post=27"}],"version-history":[{"count":8,"href":"https:\/\/conseilscarriere.com\/index.php\/wp-json\/wp\/v2\/pages\/27\/revisions"}],"predecessor-version":[{"id":45,"href":"https:\/\/conseilscarriere.com\/index.php\/wp-json\/wp\/v2\/pages\/27\/revisions\/45"}],"wp:attachment":[{"href":"https:\/\/conseilscarriere.com\/index.php\/wp-json\/wp\/v2\/media?parent=27"}],"curies":[{"name":"wp","href":"https:\/\/api.w.org\/{rel}","templated":true}]}}